{"id":450,"date":"2015-06-03T07:45:09","date_gmt":"2015-06-03T07:45:09","guid":{"rendered":"http:\/\/www.emporioglobale.it\/blog\/?page_id=450"},"modified":"2015-06-03T07:45:09","modified_gmt":"2015-06-03T07:45:09","slug":"cookie","status":"publish","type":"page","link":"http:\/\/www.emporioglobale.it\/blog\/cookie\/","title":{"rendered":"cookie"},"content":{"rendered":"<p class=\"p1\">Politica sui Cookie<br \/>\nIn conformit\u00e0 alla direttiva 2009\/136\/CE ed alla normativa italiana che disciplina l\u2019uso dei cookie, contenuta all\u2019art. 122 del decreto legislativo n. 196\/2003 (di seguito \u201ccodice privacy\u201d), Vi informiamo sui cookie utilizzati dal sito web www.emporioglobale.it (di seguito denominato \u201csito\u201d) e la ragione per il loro uso. Le seguenti informazioni sono fornite anche ai sensi dell\u2019art. 13 del codice privacy ed integrano quanto riportato nella politica sulla privacy pubblicata sul Sito.<\/p>\n<p class=\"p1\">COSA SONO I COOKIE<br \/>\nI cookie sono piccoli file di testo che possono essere utilizzati dai siti web per rendere pi\u00f9 efficiente l\u2019esperienza per l\u2019utente. L\u2019uso di cookies offre numerosi vantaggi tra cui:<br \/>\n\u2013 facilitare la navigazione dell\u2019utente sul sito web e l\u2019accesso ai vari servizi offerti;<br \/>\n\u2013 evitare che l\u2019utente debba configurare nuovamente le caratteristiche generali ogni volta che accede al Sito;<br \/>\n\u2013 promuovere il miglioramento delle prestazioni e dei servizi forniti attraverso il Sito, in seguito alla corrispondente analisi delle informazioni ottenute attraverso i cookies installati;<br \/>\n\u2013 promuovere iniziative commerciali personalizzate, proprie o di terzi, fondate sulle scelte operate dall\u2019utente.<\/p>\n<p class=\"p1\">TIPI DI COOKIE<br \/>\nCookie \u201ctecnici\u201d<\/p>\n<p class=\"p1\">Taluni cookie soddisfano mere esigenze di natura tecnica che contribuiscono a rendere fruibile un sito web abilitando le funzioni di base come la navigazione della pagina e l\u2019accesso alle aree protette del Sito. Il sito web potrebbe non funzionare correttamente senza questi cookie. Talvolta vengono utilizzati anche cookie che consentono a un sito web di ricordare le informazioni che influenzano il modo in cui il sito si comporta o si presenta, come la lingua preferita o la regione in cui l\u2019utente si trova oppure per capire come i visitatori interagiscono con il sito raccogliendo e trasmettendo informazioni in forma aggregata e non suscettibile di individuare direttamente l\u2019utente (analytics).<br \/>\nQuesti tipi di cookie sono anche definiti \u201ctecnici\u201d. La legge afferma che i cookie \u201ctecnici\u201d possono essere installati sul dispositivo dell\u2019utente previa informativa, cui si provvede con questo documento.<\/p>\n<p class=\"p1\">Cookie di profilazione<\/p>\n<p class=\"p1\">Tutti gli altri cookie, insieme ai cookie statistici gestiti da terzi, sono considerati cookie \u201cdi profilazione\u201d. Rientrano in questa categoria soprattutto i cookie utilizzati per monitorare e analizzare l\u2019attivit\u00e0 svolta dall\u2019utente in rete, al fine di apportare miglioramenti e fornire i nostri servizi in modo pi\u00f9 efficiente e personalizzato. L\u2019intento \u00e8 quello di proporre al visitatore la visualizzazione di annunci pertinenti e coinvolgenti per il singolo utente. Per l\u2019utilizzo di questi cookie occorre il consenso preventivo dell\u2019utente: al primo accesso, si considera che l\u2019utente abbia acconsentito all\u2019installazione dei cookie di profilazione se prosegue nella navigazione dopo la presentazione dell\u2019avviso sui cookie contenuto nell\u2019apposito banner. Successivamente, l\u2019utente potr\u00e0 negare il consenso selezionando le apposite caselle contenute nei moduli descrittivi presenti in questo documento.<br \/>\nI cookies possono distinguersi nelle seguenti categorie secondo la caratteristica presa in esame: il soggetto di appartenenza, la durata di conservazione, la finalit\u00e0 d\u2019uso.<br \/>\n\u2013 Cookies propri: Questi sono inviati al terminale del computer dell\u2019utente da un computer o dominio gestito dal gestore del Sito, e dal quale viene fornito il servizio richiesto dall\u2019utente.<br \/>\n\u2013 Cookie di terze parti: Questi sono inviati al terminale dell\u2019utente da una macchina o un dominio che non \u00e8 gestito dal gestore del Sito, ma da un altro soggetto che \u00e8 colui che elabora i dati ottenuti tramite cookies.<br \/>\nAltre distinzioni:<br \/>\n\u2013 Cookies di sessione: Questi cookies sono progettati per raccogliere e memorizzare i dati mentre l\u2019utente accede a una pagina web. Essi sono spesso utilizzati per memorizzare informazioni solo per il servizio richiesto dall\u2019utente in qualsiasi momento e sono automaticamente cancellati al termine della sessione (ad esempio, un elenco dei prodotti acquistati).<br \/>\n\u2013 Cookies persistenti: I dati vengono memorizzati in questi cookie nel terminale dell\u2019utente e ad essi vi si pu\u00f2 accedere e possono essere utilizzati per un periodo di tempo definito dal Sito, che pu\u00f2 durare da pochi minuti a periodi considerevolmente pi\u00f9 estesi (come precisato nelle tabelle di riferimento presenti in questo documento).<br \/>\nDistinzioni per finalit\u00e0 d\u2019uso:<br \/>\n\u2013 Cookies essenziali: consentono di navigare nel Sito e di utilizzarne tutte le funzionalit\u00e0. Senza questi cookie non potrebbero essere forniti alcuni servizi o funzioni e la navigazione sul Sito non sarebbe agevole e funzionale.<br \/>\n\u2013 Cookies di funzionalit\u00e0: consentono di ricordare le scelte dell\u2019utente sul Sito e\/o i servizi che espressamente l\u2019utente richiede, allo scopo di fornirgli servizi pi\u00f9 avanzati e pi\u00f9 personalizzati, come ad esempio personalizzare una certa pagina o ricordare se e cosa \u00e8 stato proposto all\u2019utente in precedenza.<br \/>\n\u2013 Cookies di Analisi: raccolgono informazioni circa l\u2019utilizzo del Sito da parte dell\u2019utente (come l\u2019indicazione delle pagine pi\u00f9 frequentemente visitate, la verifica degli schemi ricorrenti d\u2019utilizzo del Sito, ecc.) e consentono di migliorarne il funzionamento, aiutando a comprendere ogni difficolt\u00e0 incontrata nell\u2019utilizzo del Sito.<br \/>\n\u2013 Cookies di targeting e advertising: per pubblicare pubblicit\u00e0 che si ritiene di interesse per l\u2019utente, ad esempio limitando il numero di volte in cui viene presentata una pubblicit\u00e0 sul Sito (in quanto il cookie ricorda cosa l\u2019utente ha visto sul Sito) ed aiutare a misurare l\u2019efficacia delle campagne pubblicitarie. Queste informazioni possono essere condivise con altri soggetti, ad esempio, gli inserzionisti pubblicitari.<\/p>\n<p class=\"p1\">MODALIT\u00c0 DI GESTIONE DEL CONSENSO<br \/>\nL\u2019utente pu\u00f2 revocare il consenso all\u2019utilizzo dei cookies su questo Sito configurando il proprio browser in modo opportuno e facendo ricorso alle seguenti procedure:<br \/>\n\u2013 Google Chrome (Sotto a Strumenti Impostazioni)&gt; Mostra impostazioni avanzate&gt; Privacy (Impostazioni contenuti)&gt;Cookie<br \/>\nMaggiori informazioni: https:\/\/support.google.com\/chrome\/answer\/95647?hl=<br \/>\n\u2013 Microsoft Internet Explorer (In Strumenti Menu) Opzioni Internet&gt; Privacy&gt; Avanzate<br \/>\nMaggiori informazioni: http:\/\/windows.microsoft.com\/it-it\/internet-explorer\/delete-manage-cookies#ie=ie-11 \u2013 Safari Preferiti&gt; Privacy<br \/>\nUlteriori informazioni http:\/\/www.apple.com\/legal\/privacy\/it\/cookies\/<br \/>\n\u2013 Firefox (In Strumenti Menu) Opzioni&gt; Privacy&gt; Cookie<br \/>\nMaggiori informazioni: https:\/\/support.mozilla.org\/it\/kb\/Bloccare%20i%20cookie<br \/>\n\u2013 Opera Configurazione&gt; Opzioni&gt; Avanzate&gt; Cookie<br \/>\nUlteriori informazioni http:\/\/help.opera.com\/Windows\/12.10\/it\/cookies.html<br \/>\nSe si dispone di un browser diverso, consigliamo di controllare nel manuale del browser quale sia la modalit\u00e0 utilizzata per configurare la gestione dei cookie oppure di consultare la pagina http:\/\/it.wikipedia.org\/wiki\/Aiuto:Cookie.<\/p>\n<p class=\"p1\">COOKIE UTILIZZATI<br \/>\nI cookie utilizzati nel Sito sono i seguenti:<br \/>\n\u2013 _ga: Cookie di tracciamento di terze parti utilizzato per l\u2019analisi delle visite. Titolare \u00e8 Google Analytics. Il cookie ha una durata di 2 anni.<br \/>\n\u2013 _gat: Cookie di tracciamento di terze parti utilizzato per l\u2019analisi delle visite. Titolare \u00e8 Google Analytics. Il cookie ha una durata di 10 minuti.<\/p>\n","protected":false},"excerpt":{"rendered":"<p>Politica sui Cookie In conformit\u00e0 alla direttiva 2009\/136\/CE ed alla normativa italiana che disciplina l\u2019uso dei cookie, contenuta all\u2019art. 122 del decreto legislativo n. 196\/2003 (di seguito \u201ccodice privacy\u201d), Vi informiamo sui cookie utilizzati dal sito web www.emporioglobale.it (di seguito denominato \u201csito\u201d) e la ragione per il loro uso. Le seguenti informazioni sono fornite anche [&hellip;]<\/p>\n","protected":false},"author":1,"featured_media":0,"parent":0,"menu_order":0,"comment_status":"open","ping_status":"open","template":"","meta":{"footnotes":""},"class_list":["post-450","page","type-page","status-publish","hentry"],"yoast_head":"<!-- This site is optimized with the Yoast SEO plugin v27.1.1 - https:\/\/yoast.com\/product\/yoast-seo-wordpress\/ -->\n<title>cookie - Emporio Globale - Archivio di Storia e storie dal mondo<\/title>\n<meta name=\"robots\" content=\"index, follow, max-snippet:-1, max-image-preview:large, max-video-preview:-1\" \/>\n<link rel=\"canonical\" href=\"https:\/\/www.emporioglobale.it\/blog\/cookie\/\" \/>\n<meta property=\"og:locale\" content=\"it_IT\" \/>\n<meta property=\"og:type\" content=\"article\" \/>\n<meta property=\"og:title\" content=\"cookie - Emporio Globale - Archivio di Storia e storie dal mondo\" \/>\n<meta property=\"og:description\" content=\"Politica sui Cookie In conformit\u00e0 alla direttiva 2009\/136\/CE ed alla normativa italiana che disciplina l\u2019uso dei cookie, contenuta all\u2019art. 122 del decreto legislativo n. 196\/2003 (di seguito \u201ccodice privacy\u201d), Vi informiamo sui cookie utilizzati dal sito web www.emporioglobale.it (di seguito denominato \u201csito\u201d) e la ragione per il loro uso. Le seguenti informazioni sono fornite anche [&hellip;]\" \/>\n<meta property=\"og:url\" content=\"https:\/\/www.emporioglobale.it\/blog\/cookie\/\" \/>\n<meta property=\"og:site_name\" content=\"Emporio Globale - Archivio di Storia e storie dal mondo\" \/>\n<meta name=\"twitter:card\" content=\"summary_large_image\" \/>\n<meta name=\"twitter:label1\" content=\"Tempo di lettura stimato\" \/>\n\t<meta name=\"twitter:data1\" content=\"5 minuti\" \/>\n<script type=\"application\/ld+json\" class=\"yoast-schema-graph\">{\"@context\":\"https:\/\/schema.org\",\"@graph\":[{\"@type\":\"WebPage\",\"@id\":\"https:\/\/www.emporioglobale.it\/blog\/cookie\/\",\"url\":\"https:\/\/www.emporioglobale.it\/blog\/cookie\/\",\"name\":\"cookie - Emporio Globale - Archivio di Storia e storie dal mondo\",\"isPartOf\":{\"@id\":\"http:\/\/www.emporioglobale.it\/blog\/#website\"},\"datePublished\":\"2015-06-03T07:45:09+00:00\",\"breadcrumb\":{\"@id\":\"https:\/\/www.emporioglobale.it\/blog\/cookie\/#breadcrumb\"},\"inLanguage\":\"it-IT\",\"potentialAction\":[{\"@type\":\"ReadAction\",\"target\":[\"https:\/\/www.emporioglobale.it\/blog\/cookie\/\"]}]},{\"@type\":\"BreadcrumbList\",\"@id\":\"https:\/\/www.emporioglobale.it\/blog\/cookie\/#breadcrumb\",\"itemListElement\":[{\"@type\":\"ListItem\",\"position\":1,\"name\":\"Home\",\"item\":\"http:\/\/www.emporioglobale.it\/blog\/\"},{\"@type\":\"ListItem\",\"position\":2,\"name\":\"cookie\"}]},{\"@type\":\"WebSite\",\"@id\":\"http:\/\/www.emporioglobale.it\/blog\/#website\",\"url\":\"http:\/\/www.emporioglobale.it\/blog\/\",\"name\":\"Emporio Globale - Archivio di Storia e storie dal mondo\",\"description\":\"\",\"potentialAction\":[{\"@type\":\"SearchAction\",\"target\":{\"@type\":\"EntryPoint\",\"urlTemplate\":\"http:\/\/www.emporioglobale.it\/blog\/?s={search_term_string}\"},\"query-input\":{\"@type\":\"PropertyValueSpecification\",\"valueRequired\":true,\"valueName\":\"search_term_string\"}}],\"inLanguage\":\"it-IT\"}]}<\/script>\n<!-- \/ Yoast SEO plugin. -->","yoast_head_json":{"title":"cookie - Emporio Globale - Archivio di Storia e storie dal mondo","robots":{"index":"index","follow":"follow","max-snippet":"max-snippet:-1","max-image-preview":"max-image-preview:large","max-video-preview":"max-video-preview:-1"},"canonical":"https:\/\/www.emporioglobale.it\/blog\/cookie\/","og_locale":"it_IT","og_type":"article","og_title":"cookie - Emporio Globale - Archivio di Storia e storie dal mondo","og_description":"Politica sui Cookie In conformit\u00e0 alla direttiva 2009\/136\/CE ed alla normativa italiana che disciplina l\u2019uso dei cookie, contenuta all\u2019art. 122 del decreto legislativo n. 196\/2003 (di seguito \u201ccodice privacy\u201d), Vi informiamo sui cookie utilizzati dal sito web www.emporioglobale.it (di seguito denominato \u201csito\u201d) e la ragione per il loro uso. Le seguenti informazioni sono fornite anche [&hellip;]","og_url":"https:\/\/www.emporioglobale.it\/blog\/cookie\/","og_site_name":"Emporio Globale - Archivio di Storia e storie dal mondo","twitter_card":"summary_large_image","twitter_misc":{"Tempo di lettura stimato":"5 minuti"},"schema":{"@context":"https:\/\/schema.org","@graph":[{"@type":"WebPage","@id":"https:\/\/www.emporioglobale.it\/blog\/cookie\/","url":"https:\/\/www.emporioglobale.it\/blog\/cookie\/","name":"cookie - Emporio Globale - Archivio di Storia e storie dal mondo","isPartOf":{"@id":"http:\/\/www.emporioglobale.it\/blog\/#website"},"datePublished":"2015-06-03T07:45:09+00:00","breadcrumb":{"@id":"https:\/\/www.emporioglobale.it\/blog\/cookie\/#breadcrumb"},"inLanguage":"it-IT","potentialAction":[{"@type":"ReadAction","target":["https:\/\/www.emporioglobale.it\/blog\/cookie\/"]}]},{"@type":"BreadcrumbList","@id":"https:\/\/www.emporioglobale.it\/blog\/cookie\/#breadcrumb","itemListElement":[{"@type":"ListItem","position":1,"name":"Home","item":"http:\/\/www.emporioglobale.it\/blog\/"},{"@type":"ListItem","position":2,"name":"cookie"}]},{"@type":"WebSite","@id":"http:\/\/www.emporioglobale.it\/blog\/#website","url":"http:\/\/www.emporioglobale.it\/blog\/","name":"Emporio Globale - Archivio di Storia e storie dal mondo","description":"","potentialAction":[{"@type":"SearchAction","target":{"@type":"EntryPoint","urlTemplate":"http:\/\/www.emporioglobale.it\/blog\/?s={search_term_string}"},"query-input":{"@type":"PropertyValueSpecification","valueRequired":true,"valueName":"search_term_string"}}],"inLanguage":"it-IT"}]}},"_links":{"self":[{"href":"http:\/\/www.emporioglobale.it\/blog\/wp-json\/wp\/v2\/pages\/450","targetHints":{"allow":["GET"]}}],"collection":[{"href":"http:\/\/www.emporioglobale.it\/blog\/wp-json\/wp\/v2\/pages"}],"about":[{"href":"http:\/\/www.emporioglobale.it\/blog\/wp-json\/wp\/v2\/types\/page"}],"author":[{"embeddable":true,"href":"http:\/\/www.emporioglobale.it\/blog\/wp-json\/wp\/v2\/users\/1"}],"replies":[{"embeddable":true,"href":"http:\/\/www.emporioglobale.it\/blog\/wp-json\/wp\/v2\/comments?post=450"}],"version-history":[{"count":1,"href":"http:\/\/www.emporioglobale.it\/blog\/wp-json\/wp\/v2\/pages\/450\/revisions"}],"predecessor-version":[{"id":451,"href":"http:\/\/www.emporioglobale.it\/blog\/wp-json\/wp\/v2\/pages\/450\/revisions\/451"}],"wp:attachment":[{"href":"http:\/\/www.emporioglobale.it\/blog\/wp-json\/wp\/v2\/media?parent=450"}],"curies":[{"name":"wp","href":"https:\/\/api.w.org\/{rel}","templated":true}]}}